{"id":4506,"date":"2025-11-10T11:11:01","date_gmt":"2025-11-10T11:11:01","guid":{"rendered":"https:\/\/azores-stay.com\/tuka-tula\/"},"modified":"2026-01-16T15:39:56","modified_gmt":"2026-01-16T15:39:56","slug":"tuka-tula","status":"publish","type":"page","link":"https:\/\/azores-stay.com\/pt\/tuka-tula\/","title":{"rendered":"Tuk\u00e1-Tul\u00e1"},"content":{"rendered":"\n<p>Tuk\u00e1-Tul\u00e1 (reserva necess\u00e1ria) &#8211; Comida local &#8211;<\/p>\n\n\n\n<p><a href=\"https:\/\/www.google.com\/maps\/place\/data=!4m2!3m1!1s0xb5cd6c7c6fc68b5:0x9a676a60ad1887e0?sa=X&amp;ved=1t:8290&amp;ictx=111\">Praia do Areal de Santa B\u00e1rbara, 9600-000 Ribeira Grande<\/a><\/p>\n\n\n\n<p>Tel. +351 296 477 647<\/p>\n\n\n\n<p><\/p>\n","protected":false},"excerpt":{"rendered":"<p>Tuk\u00e1-Tul\u00e1 (reserva necess\u00e1ria) &#8211; Comida local &#8211; Praia do Areal de Santa B\u00e1rbara, 9600-000 Ribeira Grande Tel. +351 296 477 647<\/p>\n","protected":false},"author":2,"featured_media":0,"parent":0,"menu_order":0,"comment_status":"closed","ping_status":"closed","template":"","meta":{"footnotes":""},"class_list":["post-4506","page","type-page","status-publish","hentry"],"_links":{"self":[{"href":"https:\/\/azores-stay.com\/pt\/wp-json\/wp\/v2\/pages\/4506","targetHints":{"allow":["GET"]}}],"collection":[{"href":"https:\/\/azores-stay.com\/pt\/wp-json\/wp\/v2\/pages"}],"about":[{"href":"https:\/\/azores-stay.com\/pt\/wp-json\/wp\/v2\/types\/page"}],"author":[{"embeddable":true,"href":"https:\/\/azores-stay.com\/pt\/wp-json\/wp\/v2\/users\/2"}],"replies":[{"embeddable":true,"href":"https:\/\/azores-stay.com\/pt\/wp-json\/wp\/v2\/comments?post=4506"}],"version-history":[{"count":2,"href":"https:\/\/azores-stay.com\/pt\/wp-json\/wp\/v2\/pages\/4506\/revisions"}],"predecessor-version":[{"id":4515,"href":"https:\/\/azores-stay.com\/pt\/wp-json\/wp\/v2\/pages\/4506\/revisions\/4515"}],"wp:attachment":[{"href":"https:\/\/azores-stay.com\/pt\/wp-json\/wp\/v2\/media?parent=4506"}],"curies":[{"name":"wp","href":"https:\/\/api.w.org\/{rel}","templated":true}]}}